{"id":370,"date":"2025-08-24T21:38:53","date_gmt":"2025-08-24T19:38:53","guid":{"rendered":"https:\/\/strzelnicapostomino.pl\/?page_id=370"},"modified":"2025-08-24T21:41:28","modified_gmt":"2025-08-24T19:41:28","slug":"skladka-czlonkowska","status":"publish","type":"page","link":"https:\/\/strzelnicapostomino.pl\/?page_id=370","title":{"rendered":"Sk\u0142adka cz\u0142onkowska"},"content":{"rendered":"\n<h3 class=\"wp-block-heading\">Wspieraj z nami rozw\u00f3j strzelectwa!<\/h3>\n\n\n\n<p>Cz\u0142onkostwo w Towarzystwie Strzeleckim Postomino to nie tylko dost\u0119p do trening\u00f3w, zawod\u00f3w i zni\u017cek, ale tak\u017ce realne wsparcie dla naszej wsp\u00f3lnej pasji. Twoja sk\u0142adka cz\u0142onkowska pomaga nam rozwija\u0107 infrastruktur\u0119, organizowa\u0107 wydarzenia i budowa\u0107 silne \u015brodowisko strzeleckie.<\/p>\n\n\n\n<p>Sk\u0142adk\u0119 cz\u0142onkowsk\u0105 prosimy wp\u0142aca\u0107 na konto:<\/p>\n\n\n\n<p><strong>Towarzystwo Strzeleckie Postomino<\/strong><br><strong>Santander Bank Polska S.A.<\/strong><br><strong>Nr konta:<\/strong>&nbsp;14 1090 2763 0000 0001 6351 7827<\/p>\n\n\n\n<p>\ud83d\udccc&nbsp;<strong>W tytule przelewu podaj swoje imi\u0119, nazwisko oraz okres, kt\u00f3rego dotyczy sk\u0142adka<\/strong>&nbsp;(np. &#8220;Jan Kowalski \u2013 sk\u0142adka roczna 2025&#8221;).<\/p>\n\n\n\n<p>Dzi\u0119kujemy za Twoje zaanga\u017cowanie \u2013 razem tworzymy siln\u0105 spo\u0142eczno\u015b\u0107 pasjonat\u00f3w strzelectwa!<br>Masz pytania? Skontaktuj si\u0119 z nami:&nbsp;<a>info@strzelnicapostomino.pl<\/a><\/p>\n\n\n\n<p>Do zobaczenia na strzelnicy!<\/p>\n","protected":false},"excerpt":{"rendered":"<p>Wspieraj z nami rozw\u00f3j strzelectwa! Cz\u0142onkostwo w Towarzystwie Strzeleckim Postomino to nie tylko dost\u0119p do trening\u00f3w, zawod\u00f3w i zni\u017cek, ale [&hellip;]<\/p>\n","protected":false},"author":1,"featured_media":0,"parent":0,"menu_order":0,"comment_status":"closed","ping_status":"closed","template":"","meta":{"footnotes":""},"class_list":["post-370","page","type-page","status-publish","hentry"],"yoast_head":"<!-- This site is optimized with the Yoast SEO plugin v25.2 - https:\/\/yoast.com\/wordpress\/plugins\/seo\/ -->\n<title>Sk\u0142adka cz\u0142onkowska - wordpressplugins<\/title>\n<meta name=\"robots\" content=\"index, follow, max-snippet:-1, max-image-preview:large, max-video-preview:-1\" \/>\n<link rel=\"canonical\" href=\"https:\/\/strzelnicapostomino.pl\/?page_id=370\" \/>\n<meta property=\"og:locale\" content=\"en_US\" \/>\n<meta property=\"og:type\" content=\"article\" \/>\n<meta property=\"og:title\" content=\"Sk\u0142adka cz\u0142onkowska - wordpressplugins\" \/>\n<meta property=\"og:description\" content=\"Wspieraj z nami rozw\u00f3j strzelectwa! Cz\u0142onkostwo w Towarzystwie Strzeleckim Postomino to nie tylko dost\u0119p do trening\u00f3w, zawod\u00f3w i zni\u017cek, ale [&hellip;]\" \/>\n<meta property=\"og:url\" content=\"https:\/\/strzelnicapostomino.pl\/?page_id=370\" \/>\n<meta property=\"og:site_name\" content=\"wordpressplugins\" \/>\n<meta property=\"article:modified_time\" content=\"2025-08-24T19:41:28+00:00\" \/>\n<meta name=\"twitter:card\" content=\"summary_large_image\" \/>\n<meta name=\"twitter:label1\" content=\"Est. reading time\" \/>\n\t<meta name=\"twitter:data1\" content=\"1 minute\" \/>\n<script type=\"application\/ld+json\" class=\"yoast-schema-graph\">{\"@context\":\"https:\/\/schema.org\",\"@graph\":[{\"@type\":\"WebPage\",\"@id\":\"https:\/\/strzelnicapostomino.pl\/?page_id=370\",\"url\":\"https:\/\/strzelnicapostomino.pl\/?page_id=370\",\"name\":\"Sk\u0142adka cz\u0142onkowska - wordpressplugins\",\"isPartOf\":{\"@id\":\"http:\/\/strzelnicapostomino.pl\/#website\"},\"datePublished\":\"2025-08-24T19:38:53+00:00\",\"dateModified\":\"2025-08-24T19:41:28+00:00\",\"breadcrumb\":{\"@id\":\"https:\/\/strzelnicapostomino.pl\/?page_id=370#breadcrumb\"},\"inLanguage\":\"en-US\",\"potentialAction\":[{\"@type\":\"ReadAction\",\"target\":[\"https:\/\/strzelnicapostomino.pl\/?page_id=370\"]}]},{\"@type\":\"BreadcrumbList\",\"@id\":\"https:\/\/strzelnicapostomino.pl\/?page_id=370#breadcrumb\",\"itemListElement\":[{\"@type\":\"ListItem\",\"position\":1,\"name\":\"Home\",\"item\":\"http:\/\/strzelnicapostomino.pl\/\"},{\"@type\":\"ListItem\",\"position\":2,\"name\":\"Sk\u0142adka cz\u0142onkowska\"}]},{\"@type\":\"WebSite\",\"@id\":\"http:\/\/strzelnicapostomino.pl\/#website\",\"url\":\"http:\/\/strzelnicapostomino.pl\/\",\"name\":\"wordpressplugins\",\"description\":\"\",\"publisher\":{\"@id\":\"http:\/\/strzelnicapostomino.pl\/#organization\"},\"potentialAction\":[{\"@type\":\"SearchAction\",\"target\":{\"@type\":\"EntryPoint\",\"urlTemplate\":\"http:\/\/strzelnicapostomino.pl\/?s={search_term_string}\"},\"query-input\":{\"@type\":\"PropertyValueSpecification\",\"valueRequired\":true,\"valueName\":\"search_term_string\"}}],\"inLanguage\":\"en-US\"},{\"@type\":\"Organization\",\"@id\":\"http:\/\/strzelnicapostomino.pl\/#organization\",\"name\":\"wordpressplugins\",\"url\":\"http:\/\/strzelnicapostomino.pl\/\",\"logo\":{\"@type\":\"ImageObject\",\"inLanguage\":\"en-US\",\"@id\":\"http:\/\/strzelnicapostomino.pl\/#\/schema\/logo\/image\/\",\"url\":\"https:\/\/strzelnicapostomino.pl\/wp-content\/uploads\/2025\/07\/cropped-Blue-Gold-Circle-Illustrative-Education-Logo-6.png\",\"contentUrl\":\"https:\/\/strzelnicapostomino.pl\/wp-content\/uploads\/2025\/07\/cropped-Blue-Gold-Circle-Illustrative-Education-Logo-6.png\",\"width\":1563,\"height\":1563,\"caption\":\"wordpressplugins\"},\"image\":{\"@id\":\"http:\/\/strzelnicapostomino.pl\/#\/schema\/logo\/image\/\"}}]}<\/script>\n<!-- \/ Yoast SEO plugin. -->","yoast_head_json":{"title":"Sk\u0142adka cz\u0142onkowska - wordpressplugins","robots":{"index":"index","follow":"follow","max-snippet":"max-snippet:-1","max-image-preview":"max-image-preview:large","max-video-preview":"max-video-preview:-1"},"canonical":"https:\/\/strzelnicapostomino.pl\/?page_id=370","og_locale":"en_US","og_type":"article","og_title":"Sk\u0142adka cz\u0142onkowska - wordpressplugins","og_description":"Wspieraj z nami rozw\u00f3j strzelectwa! Cz\u0142onkostwo w Towarzystwie Strzeleckim Postomino to nie tylko dost\u0119p do trening\u00f3w, zawod\u00f3w i zni\u017cek, ale [&hellip;]","og_url":"https:\/\/strzelnicapostomino.pl\/?page_id=370","og_site_name":"wordpressplugins","article_modified_time":"2025-08-24T19:41:28+00:00","twitter_card":"summary_large_image","twitter_misc":{"Est. reading time":"1 minute"},"schema":{"@context":"https:\/\/schema.org","@graph":[{"@type":"WebPage","@id":"https:\/\/strzelnicapostomino.pl\/?page_id=370","url":"https:\/\/strzelnicapostomino.pl\/?page_id=370","name":"Sk\u0142adka cz\u0142onkowska - wordpressplugins","isPartOf":{"@id":"http:\/\/strzelnicapostomino.pl\/#website"},"datePublished":"2025-08-24T19:38:53+00:00","dateModified":"2025-08-24T19:41:28+00:00","breadcrumb":{"@id":"https:\/\/strzelnicapostomino.pl\/?page_id=370#breadcrumb"},"inLanguage":"en-US","potentialAction":[{"@type":"ReadAction","target":["https:\/\/strzelnicapostomino.pl\/?page_id=370"]}]},{"@type":"BreadcrumbList","@id":"https:\/\/strzelnicapostomino.pl\/?page_id=370#breadcrumb","itemListElement":[{"@type":"ListItem","position":1,"name":"Home","item":"http:\/\/strzelnicapostomino.pl\/"},{"@type":"ListItem","position":2,"name":"Sk\u0142adka cz\u0142onkowska"}]},{"@type":"WebSite","@id":"http:\/\/strzelnicapostomino.pl\/#website","url":"http:\/\/strzelnicapostomino.pl\/","name":"wordpressplugins","description":"","publisher":{"@id":"http:\/\/strzelnicapostomino.pl\/#organization"},"potentialAction":[{"@type":"SearchAction","target":{"@type":"EntryPoint","urlTemplate":"http:\/\/strzelnicapostomino.pl\/?s={search_term_string}"},"query-input":{"@type":"PropertyValueSpecification","valueRequired":true,"valueName":"search_term_string"}}],"inLanguage":"en-US"},{"@type":"Organization","@id":"http:\/\/strzelnicapostomino.pl\/#organization","name":"wordpressplugins","url":"http:\/\/strzelnicapostomino.pl\/","logo":{"@type":"ImageObject","inLanguage":"en-US","@id":"http:\/\/strzelnicapostomino.pl\/#\/schema\/logo\/image\/","url":"https:\/\/strzelnicapostomino.pl\/wp-content\/uploads\/2025\/07\/cropped-Blue-Gold-Circle-Illustrative-Education-Logo-6.png","contentUrl":"https:\/\/strzelnicapostomino.pl\/wp-content\/uploads\/2025\/07\/cropped-Blue-Gold-Circle-Illustrative-Education-Logo-6.png","width":1563,"height":1563,"caption":"wordpressplugins"},"image":{"@id":"http:\/\/strzelnicapostomino.pl\/#\/schema\/logo\/image\/"}}]}},"_links":{"self":[{"href":"https:\/\/strzelnicapostomino.pl\/index.php?rest_route=\/wp\/v2\/pages\/370","targetHints":{"allow":["GET"]}}],"collection":[{"href":"https:\/\/strzelnicapostomino.pl\/index.php?rest_route=\/wp\/v2\/pages"}],"about":[{"href":"https:\/\/strzelnicapostomino.pl\/index.php?rest_route=\/wp\/v2\/types\/page"}],"author":[{"embeddable":true,"href":"https:\/\/strzelnicapostomino.pl\/index.php?rest_route=\/wp\/v2\/users\/1"}],"replies":[{"embeddable":true,"href":"https:\/\/strzelnicapostomino.pl\/index.php?rest_route=%2Fwp%2Fv2%2Fcomments&post=370"}],"version-history":[{"count":3,"href":"https:\/\/strzelnicapostomino.pl\/index.php?rest_route=\/wp\/v2\/pages\/370\/revisions"}],"predecessor-version":[{"id":375,"href":"https:\/\/strzelnicapostomino.pl\/index.php?rest_route=\/wp\/v2\/pages\/370\/revisions\/375"}],"wp:attachment":[{"href":"https:\/\/strzelnicapostomino.pl\/index.php?rest_route=%2Fwp%2Fv2%2Fmedia&parent=370"}],"curies":[{"name":"wp","href":"https:\/\/api.w.org\/{rel}","templated":true}]}}