{"id":321,"date":"2025-07-23T22:17:44","date_gmt":"2025-07-23T20:17:44","guid":{"rendered":"https:\/\/strzelnicapostomino.pl\/?page_id=321"},"modified":"2025-07-23T22:23:16","modified_gmt":"2025-07-23T20:23:16","slug":"rezerwacje-online","status":"publish","type":"page","link":"https:\/\/strzelnicapostomino.pl\/?page_id=321","title":{"rendered":"Rezerwacje online"},"content":{"rendered":"\n<h3 class=\"wp-block-heading\"><strong>\ud83d\udcc6 Rezerwacje online<\/strong><\/h3>\n\n\n\n<p><strong>Zarezerwuj szkolenie, strzelanie rekreacyjne lub wydarzenie integracyjne<\/strong><\/p>\n\n\n\n<p>Planujesz szkolenie strzeleckie, chcesz spr\u00f3bowa\u0107 swoich si\u0142 na strzelnicy, a mo\u017ce organizujesz integracj\u0119 firmow\u0105 lub wiecz\u00f3r kawalerski? Teraz wszystko mo\u017cesz zarezerwowa\u0107 wygodnie online!<\/p>\n\n\n\n<p>W naszej ofercie znajdziesz m.in.:<\/p>\n\n\n\n<ul class=\"wp-block-list\">\n<li>szkolenia indywidualne (dla pocz\u0105tkuj\u0105cych i zaawansowanych),<\/li>\n\n\n\n<li>kursy przygotowawcze do egzaminu na bro\u0144 paln\u0105,<\/li>\n\n\n\n<li>pakiety rodzinne i strzelania rekreacyjne,<\/li>\n\n\n\n<li>wydarzenia firmowe i integracje,<\/li>\n\n\n\n<li>wieczory kawalerskie.<\/li>\n<\/ul>\n\n\n\n<p>Kliknij poni\u017cej i wybierz dogodny termin:<\/p>\n\n\n\n<p>\ud83d\udc49\u00a0<a class=\"\" href=\"https:\/\/outlook.office.com\/book\/StrzelnicaPostomino1@mydoit.com.pl\/?ismsaljsauthenabled\"><strong>ZAREZERWUJ <\/strong><\/a><strong><a href=\"https:\/\/outlook.office.com\/book\/StrzelnicaPostomino1@mydoit.com.pl\/?ismsaljsauthenabled\" target=\"_blank\" rel=\"noreferrer noopener\">ONLINE<\/a><\/strong><\/p>\n\n\n\n<p>Do zobaczenia na Strzelnicy Postomino! \ud83c\udfaf<\/p>\n","protected":false},"excerpt":{"rendered":"<p>\ud83d\udcc6 Rezerwacje online Zarezerwuj szkolenie, strzelanie rekreacyjne lub wydarzenie integracyjne Planujesz szkolenie strzeleckie, chcesz spr\u00f3bowa\u0107 swoich si\u0142 na strzelnicy, a [&hellip;]<\/p>\n","protected":false},"author":1,"featured_media":0,"parent":0,"menu_order":0,"comment_status":"closed","ping_status":"closed","template":"","meta":{"footnotes":""},"class_list":["post-321","page","type-page","status-publish","hentry"],"yoast_head":"<!-- This site is optimized with the Yoast SEO plugin v25.2 - https:\/\/yoast.com\/wordpress\/plugins\/seo\/ -->\n<title>Rezerwacje online - wordpressplugins<\/title>\n<meta name=\"robots\" content=\"index, follow, max-snippet:-1, max-image-preview:large, max-video-preview:-1\" \/>\n<link rel=\"canonical\" href=\"https:\/\/strzelnicapostomino.pl\/?page_id=321\" \/>\n<meta property=\"og:locale\" content=\"en_US\" \/>\n<meta property=\"og:type\" content=\"article\" \/>\n<meta property=\"og:title\" content=\"Rezerwacje online - wordpressplugins\" \/>\n<meta property=\"og:description\" content=\"\ud83d\udcc6 Rezerwacje online Zarezerwuj szkolenie, strzelanie rekreacyjne lub wydarzenie integracyjne Planujesz szkolenie strzeleckie, chcesz spr\u00f3bowa\u0107 swoich si\u0142 na strzelnicy, a [&hellip;]\" \/>\n<meta property=\"og:url\" content=\"https:\/\/strzelnicapostomino.pl\/?page_id=321\" \/>\n<meta property=\"og:site_name\" content=\"wordpressplugins\" \/>\n<meta property=\"article:modified_time\" content=\"2025-07-23T20:23:16+00:00\" \/>\n<meta name=\"twitter:card\" content=\"summary_large_image\" \/>\n<meta name=\"twitter:label1\" content=\"Est. reading time\" \/>\n\t<meta name=\"twitter:data1\" content=\"1 minute\" \/>\n<script type=\"application\/ld+json\" class=\"yoast-schema-graph\">{\"@context\":\"https:\/\/schema.org\",\"@graph\":[{\"@type\":\"WebPage\",\"@id\":\"https:\/\/strzelnicapostomino.pl\/?page_id=321\",\"url\":\"https:\/\/strzelnicapostomino.pl\/?page_id=321\",\"name\":\"Rezerwacje online - wordpressplugins\",\"isPartOf\":{\"@id\":\"http:\/\/strzelnicapostomino.pl\/#website\"},\"datePublished\":\"2025-07-23T20:17:44+00:00\",\"dateModified\":\"2025-07-23T20:23:16+00:00\",\"breadcrumb\":{\"@id\":\"https:\/\/strzelnicapostomino.pl\/?page_id=321#breadcrumb\"},\"inLanguage\":\"en-US\",\"potentialAction\":[{\"@type\":\"ReadAction\",\"target\":[\"https:\/\/strzelnicapostomino.pl\/?page_id=321\"]}]},{\"@type\":\"BreadcrumbList\",\"@id\":\"https:\/\/strzelnicapostomino.pl\/?page_id=321#breadcrumb\",\"itemListElement\":[{\"@type\":\"ListItem\",\"position\":1,\"name\":\"Home\",\"item\":\"http:\/\/strzelnicapostomino.pl\/\"},{\"@type\":\"ListItem\",\"position\":2,\"name\":\"Rezerwacje online\"}]},{\"@type\":\"WebSite\",\"@id\":\"http:\/\/strzelnicapostomino.pl\/#website\",\"url\":\"http:\/\/strzelnicapostomino.pl\/\",\"name\":\"wordpressplugins\",\"description\":\"\",\"publisher\":{\"@id\":\"http:\/\/strzelnicapostomino.pl\/#organization\"},\"potentialAction\":[{\"@type\":\"SearchAction\",\"target\":{\"@type\":\"EntryPoint\",\"urlTemplate\":\"http:\/\/strzelnicapostomino.pl\/?s={search_term_string}\"},\"query-input\":{\"@type\":\"PropertyValueSpecification\",\"valueRequired\":true,\"valueName\":\"search_term_string\"}}],\"inLanguage\":\"en-US\"},{\"@type\":\"Organization\",\"@id\":\"http:\/\/strzelnicapostomino.pl\/#organization\",\"name\":\"wordpressplugins\",\"url\":\"http:\/\/strzelnicapostomino.pl\/\",\"logo\":{\"@type\":\"ImageObject\",\"inLanguage\":\"en-US\",\"@id\":\"http:\/\/strzelnicapostomino.pl\/#\/schema\/logo\/image\/\",\"url\":\"https:\/\/strzelnicapostomino.pl\/wp-content\/uploads\/2025\/07\/cropped-Blue-Gold-Circle-Illustrative-Education-Logo-6.png\",\"contentUrl\":\"https:\/\/strzelnicapostomino.pl\/wp-content\/uploads\/2025\/07\/cropped-Blue-Gold-Circle-Illustrative-Education-Logo-6.png\",\"width\":1563,\"height\":1563,\"caption\":\"wordpressplugins\"},\"image\":{\"@id\":\"http:\/\/strzelnicapostomino.pl\/#\/schema\/logo\/image\/\"}}]}<\/script>\n<!-- \/ Yoast SEO plugin. -->","yoast_head_json":{"title":"Rezerwacje online - wordpressplugins","robots":{"index":"index","follow":"follow","max-snippet":"max-snippet:-1","max-image-preview":"max-image-preview:large","max-video-preview":"max-video-preview:-1"},"canonical":"https:\/\/strzelnicapostomino.pl\/?page_id=321","og_locale":"en_US","og_type":"article","og_title":"Rezerwacje online - wordpressplugins","og_description":"\ud83d\udcc6 Rezerwacje online Zarezerwuj szkolenie, strzelanie rekreacyjne lub wydarzenie integracyjne Planujesz szkolenie strzeleckie, chcesz spr\u00f3bowa\u0107 swoich si\u0142 na strzelnicy, a [&hellip;]","og_url":"https:\/\/strzelnicapostomino.pl\/?page_id=321","og_site_name":"wordpressplugins","article_modified_time":"2025-07-23T20:23:16+00:00","twitter_card":"summary_large_image","twitter_misc":{"Est. reading time":"1 minute"},"schema":{"@context":"https:\/\/schema.org","@graph":[{"@type":"WebPage","@id":"https:\/\/strzelnicapostomino.pl\/?page_id=321","url":"https:\/\/strzelnicapostomino.pl\/?page_id=321","name":"Rezerwacje online - wordpressplugins","isPartOf":{"@id":"http:\/\/strzelnicapostomino.pl\/#website"},"datePublished":"2025-07-23T20:17:44+00:00","dateModified":"2025-07-23T20:23:16+00:00","breadcrumb":{"@id":"https:\/\/strzelnicapostomino.pl\/?page_id=321#breadcrumb"},"inLanguage":"en-US","potentialAction":[{"@type":"ReadAction","target":["https:\/\/strzelnicapostomino.pl\/?page_id=321"]}]},{"@type":"BreadcrumbList","@id":"https:\/\/strzelnicapostomino.pl\/?page_id=321#breadcrumb","itemListElement":[{"@type":"ListItem","position":1,"name":"Home","item":"http:\/\/strzelnicapostomino.pl\/"},{"@type":"ListItem","position":2,"name":"Rezerwacje online"}]},{"@type":"WebSite","@id":"http:\/\/strzelnicapostomino.pl\/#website","url":"http:\/\/strzelnicapostomino.pl\/","name":"wordpressplugins","description":"","publisher":{"@id":"http:\/\/strzelnicapostomino.pl\/#organization"},"potentialAction":[{"@type":"SearchAction","target":{"@type":"EntryPoint","urlTemplate":"http:\/\/strzelnicapostomino.pl\/?s={search_term_string}"},"query-input":{"@type":"PropertyValueSpecification","valueRequired":true,"valueName":"search_term_string"}}],"inLanguage":"en-US"},{"@type":"Organization","@id":"http:\/\/strzelnicapostomino.pl\/#organization","name":"wordpressplugins","url":"http:\/\/strzelnicapostomino.pl\/","logo":{"@type":"ImageObject","inLanguage":"en-US","@id":"http:\/\/strzelnicapostomino.pl\/#\/schema\/logo\/image\/","url":"https:\/\/strzelnicapostomino.pl\/wp-content\/uploads\/2025\/07\/cropped-Blue-Gold-Circle-Illustrative-Education-Logo-6.png","contentUrl":"https:\/\/strzelnicapostomino.pl\/wp-content\/uploads\/2025\/07\/cropped-Blue-Gold-Circle-Illustrative-Education-Logo-6.png","width":1563,"height":1563,"caption":"wordpressplugins"},"image":{"@id":"http:\/\/strzelnicapostomino.pl\/#\/schema\/logo\/image\/"}}]}},"_links":{"self":[{"href":"https:\/\/strzelnicapostomino.pl\/index.php?rest_route=\/wp\/v2\/pages\/321","targetHints":{"allow":["GET"]}}],"collection":[{"href":"https:\/\/strzelnicapostomino.pl\/index.php?rest_route=\/wp\/v2\/pages"}],"about":[{"href":"https:\/\/strzelnicapostomino.pl\/index.php?rest_route=\/wp\/v2\/types\/page"}],"author":[{"embeddable":true,"href":"https:\/\/strzelnicapostomino.pl\/index.php?rest_route=\/wp\/v2\/users\/1"}],"replies":[{"embeddable":true,"href":"https:\/\/strzelnicapostomino.pl\/index.php?rest_route=%2Fwp%2Fv2%2Fcomments&post=321"}],"version-history":[{"count":3,"href":"https:\/\/strzelnicapostomino.pl\/index.php?rest_route=\/wp\/v2\/pages\/321\/revisions"}],"predecessor-version":[{"id":326,"href":"https:\/\/strzelnicapostomino.pl\/index.php?rest_route=\/wp\/v2\/pages\/321\/revisions\/326"}],"wp:attachment":[{"href":"https:\/\/strzelnicapostomino.pl\/index.php?rest_route=%2Fwp%2Fv2%2Fmedia&parent=321"}],"curies":[{"name":"wp","href":"https:\/\/api.w.org\/{rel}","templated":true}]}}