{"id":141,"date":"2025-06-04T17:51:12","date_gmt":"2025-06-04T15:51:12","guid":{"rendered":"http:\/\/strzelnicapostomino.pl\/?page_id=141"},"modified":"2025-06-04T21:19:22","modified_gmt":"2025-06-04T19:19:22","slug":"kontakt-2","status":"publish","type":"page","link":"https:\/\/strzelnicapostomino.pl\/?page_id=141","title":{"rendered":"Kontakt"},"content":{"rendered":"\t\t<div data-elementor-type=\"wp-page\" data-elementor-id=\"141\" class=\"elementor elementor-141\">\n\t\t\t\t<div class=\"elementor-element elementor-element-6104bd52 e-flex e-con-boxed e-con e-parent\" data-id=\"6104bd52\" data-element_type=\"container\">\n\t\t\t\t\t<div class=\"e-con-inner\">\n\t\t\t\t<div class=\"elementor-element elementor-element-59ddbe0 elementor-widget elementor-widget-heading\" data-id=\"59ddbe0\" data-element_type=\"widget\" data-widget_type=\"heading.default\">\n\t\t\t\t<div class=\"elementor-widget-container\">\n\t\t\t\t\t<h2 class=\"elementor-heading-title elementor-size-default\">Skontaktuj si\u0119 z Nami!<\/h2>\t\t\t\t<\/div>\n\t\t\t\t<\/div>\n\t\t\t\t<div class=\"elementor-element elementor-element-60079e06 elementor-widget elementor-widget-text-editor\" data-id=\"60079e06\" data-element_type=\"widget\" data-widget_type=\"text-editor.default\">\n\t\t\t\t<div class=\"elementor-widget-container\">\n\t\t\t\t\t\t\t\t\t\n<div class=\"wp-block-contact-form-7-contact-form-selector\">\n<div class=\"wpcf7 no-js\" id=\"wpcf7-f4-o1\" lang=\"pl-PL\" dir=\"ltr\" data-wpcf7-id=\"4\">\n<div class=\"screen-reader-response\"><p role=\"status\" aria-live=\"polite\" aria-atomic=\"true\"><\/p> <ul><\/ul><\/div>\n<form action=\"\/index.php?rest_route=%2Fwp%2Fv2%2Fpages%2F141#wpcf7-f4-o1\" method=\"post\" class=\"wpcf7-form init\" aria-label=\"Formularz kontaktowy\" novalidate=\"novalidate\" data-status=\"init\">\n<div style=\"display: none;\">\n<input type=\"hidden\" name=\"_wpcf7\" value=\"4\" \/>\n<input type=\"hidden\" name=\"_wpcf7_version\" value=\"6.0.6\" \/>\n<input type=\"hidden\" name=\"_wpcf7_locale\" value=\"pl_PL\" \/>\n<input type=\"hidden\" name=\"_wpcf7_unit_tag\" value=\"wpcf7-f4-o1\" \/>\n<input type=\"hidden\" name=\"_wpcf7_container_post\" value=\"0\" \/>\n<input type=\"hidden\" name=\"_wpcf7_posted_data_hash\" value=\"\" \/>\n<\/div>\n<p><label> Twoje imi\u0119 i nazwisko<br \/>\n<span class=\"wpcf7-form-control-wrap\" data-name=\"your-name\"><input size=\"40\" maxlength=\"400\" class=\"wpcf7-form-control wpcf7-text wpcf7-validates-as-required\" autocomplete=\"name\" aria-required=\"true\" aria-invalid=\"false\" value=\"\" type=\"text\" name=\"your-name\" \/><\/span> <\/label>\n<\/p>\n<p><label> Tw\u00f3j adres e-mail<br \/>\n<span class=\"wpcf7-form-control-wrap\" data-name=\"your-email\"><input size=\"40\" maxlength=\"400\" class=\"wpcf7-form-control wpcf7-email wpcf7-validates-as-required wpcf7-text wpcf7-validates-as-email\" autocomplete=\"email\" aria-required=\"true\" aria-invalid=\"false\" value=\"\" type=\"email\" name=\"your-email\" \/><\/span> <\/label>\n<\/p>\n<p><label> Temat wiadomo\u015bci<br \/>\n<span class=\"wpcf7-form-control-wrap\" data-name=\"your-subject\"><input size=\"40\" maxlength=\"400\" class=\"wpcf7-form-control wpcf7-text wpcf7-validates-as-required\" aria-required=\"true\" aria-invalid=\"false\" value=\"\" type=\"text\" name=\"your-subject\" \/><\/span> <\/label>\n<\/p>\n<p><label> Tre\u015b\u0107 wiadomo\u015bci (opcjonalnie)<br \/>\n<span class=\"wpcf7-form-control-wrap\" data-name=\"your-message\"><textarea cols=\"40\" rows=\"10\" maxlength=\"2000\" class=\"wpcf7-form-control wpcf7-textarea\" aria-invalid=\"false\" name=\"your-message\"><\/textarea><\/span> <\/label>\n<\/p>\n<p><input class=\"wpcf7-form-control wpcf7-submit has-spinner\" type=\"submit\" value=\"Wy\u015blij wiadomo\u015b\u0107\" \/>\n<\/p><div class=\"wpcf7-response-output\" aria-hidden=\"true\"><\/div>\n<\/form>\n<\/div>\n<\/div>\n\n\n\n<p><\/p>\n\n\n\n<p><\/p>\n\t\t\t\t\t\t\t\t<\/div>\n\t\t\t\t<\/div>\n\t\t\t\t\t<\/div>\n\t\t\t\t<\/div>\n\t\t<div class=\"elementor-element elementor-element-a5ee1e0 e-flex e-con-boxed e-con e-parent\" data-id=\"a5ee1e0\" data-element_type=\"container\">\n\t\t\t\t\t<div class=\"e-con-inner\">\n\t\t\t\t<div class=\"elementor-element elementor-element-ea687ba elementor-widget elementor-widget-google_maps\" data-id=\"ea687ba\" data-element_type=\"widget\" data-widget_type=\"google_maps.default\">\n\t\t\t\t<div class=\"elementor-widget-container\">\n\t\t\t\t\t\t\t<div class=\"elementor-custom-embed\">\n\t\t\t<iframe loading=\"lazy\"\n\t\t\t\t\tsrc=\"https:\/\/maps.google.com\/maps?q=FPH3%2B4X%2C%2076-113%20Postomino&#038;t=m&#038;z=10&#038;output=embed&#038;iwloc=near\"\n\t\t\t\t\ttitle=\"FPH3+4X, 76-113 Postomino\"\n\t\t\t\t\taria-label=\"FPH3+4X, 76-113 Postomino\"\n\t\t\t><\/iframe>\n\t\t<\/div>\n\t\t\t\t\t\t<\/div>\n\t\t\t\t<\/div>\n\t\t\t\t\t<\/div>\n\t\t\t\t<\/div>\n\t\t\t\t<\/div>\n\t\t","protected":false},"excerpt":{"rendered":"<p>Skontaktuj si\u0119 z Nami!<\/p>\n","protected":false},"author":1,"featured_media":0,"parent":0,"menu_order":0,"comment_status":"closed","ping_status":"closed","template":"","meta":{"footnotes":""},"class_list":["post-141","page","type-page","status-publish","hentry"],"yoast_head":"<!-- This site is optimized with the Yoast SEO plugin v25.2 - https:\/\/yoast.com\/wordpress\/plugins\/seo\/ -->\n<title>Kontakt - wordpressplugins<\/title>\n<meta name=\"robots\" content=\"index, follow, max-snippet:-1, max-image-preview:large, max-video-preview:-1\" \/>\n<link rel=\"canonical\" href=\"https:\/\/strzelnicapostomino.pl\/?page_id=141\" \/>\n<meta property=\"og:locale\" content=\"en_US\" \/>\n<meta property=\"og:type\" content=\"article\" \/>\n<meta property=\"og:title\" content=\"Kontakt - wordpressplugins\" \/>\n<meta property=\"og:description\" content=\"Skontaktuj si\u0119 z Nami!\" \/>\n<meta property=\"og:url\" content=\"https:\/\/strzelnicapostomino.pl\/?page_id=141\" \/>\n<meta property=\"og:site_name\" content=\"wordpressplugins\" \/>\n<meta property=\"article:modified_time\" content=\"2025-06-04T19:19:22+00:00\" \/>\n<meta name=\"twitter:card\" content=\"summary_large_image\" \/>\n<meta name=\"twitter:label1\" content=\"Est. reading time\" \/>\n\t<meta name=\"twitter:data1\" content=\"1 minute\" \/>\n<script type=\"application\/ld+json\" class=\"yoast-schema-graph\">{\"@context\":\"https:\/\/schema.org\",\"@graph\":[{\"@type\":\"WebPage\",\"@id\":\"https:\/\/strzelnicapostomino.pl\/?page_id=141\",\"url\":\"https:\/\/strzelnicapostomino.pl\/?page_id=141\",\"name\":\"Kontakt - wordpressplugins\",\"isPartOf\":{\"@id\":\"http:\/\/strzelnicapostomino.pl\/#website\"},\"datePublished\":\"2025-06-04T15:51:12+00:00\",\"dateModified\":\"2025-06-04T19:19:22+00:00\",\"breadcrumb\":{\"@id\":\"https:\/\/strzelnicapostomino.pl\/?page_id=141#breadcrumb\"},\"inLanguage\":\"en-US\",\"potentialAction\":[{\"@type\":\"ReadAction\",\"target\":[\"https:\/\/strzelnicapostomino.pl\/?page_id=141\"]}]},{\"@type\":\"BreadcrumbList\",\"@id\":\"https:\/\/strzelnicapostomino.pl\/?page_id=141#breadcrumb\",\"itemListElement\":[{\"@type\":\"ListItem\",\"position\":1,\"name\":\"Home\",\"item\":\"http:\/\/strzelnicapostomino.pl\/\"},{\"@type\":\"ListItem\",\"position\":2,\"name\":\"Kontakt\"}]},{\"@type\":\"WebSite\",\"@id\":\"http:\/\/strzelnicapostomino.pl\/#website\",\"url\":\"http:\/\/strzelnicapostomino.pl\/\",\"name\":\"wordpressplugins\",\"description\":\"\",\"publisher\":{\"@id\":\"http:\/\/strzelnicapostomino.pl\/#organization\"},\"potentialAction\":[{\"@type\":\"SearchAction\",\"target\":{\"@type\":\"EntryPoint\",\"urlTemplate\":\"http:\/\/strzelnicapostomino.pl\/?s={search_term_string}\"},\"query-input\":{\"@type\":\"PropertyValueSpecification\",\"valueRequired\":true,\"valueName\":\"search_term_string\"}}],\"inLanguage\":\"en-US\"},{\"@type\":\"Organization\",\"@id\":\"http:\/\/strzelnicapostomino.pl\/#organization\",\"name\":\"wordpressplugins\",\"url\":\"http:\/\/strzelnicapostomino.pl\/\",\"logo\":{\"@type\":\"ImageObject\",\"inLanguage\":\"en-US\",\"@id\":\"http:\/\/strzelnicapostomino.pl\/#\/schema\/logo\/image\/\",\"url\":\"https:\/\/strzelnicapostomino.pl\/wp-content\/uploads\/2025\/07\/cropped-Blue-Gold-Circle-Illustrative-Education-Logo-6.png\",\"contentUrl\":\"https:\/\/strzelnicapostomino.pl\/wp-content\/uploads\/2025\/07\/cropped-Blue-Gold-Circle-Illustrative-Education-Logo-6.png\",\"width\":1563,\"height\":1563,\"caption\":\"wordpressplugins\"},\"image\":{\"@id\":\"http:\/\/strzelnicapostomino.pl\/#\/schema\/logo\/image\/\"}}]}<\/script>\n<!-- \/ Yoast SEO plugin. -->","yoast_head_json":{"title":"Kontakt - wordpressplugins","robots":{"index":"index","follow":"follow","max-snippet":"max-snippet:-1","max-image-preview":"max-image-preview:large","max-video-preview":"max-video-preview:-1"},"canonical":"https:\/\/strzelnicapostomino.pl\/?page_id=141","og_locale":"en_US","og_type":"article","og_title":"Kontakt - wordpressplugins","og_description":"Skontaktuj si\u0119 z Nami!","og_url":"https:\/\/strzelnicapostomino.pl\/?page_id=141","og_site_name":"wordpressplugins","article_modified_time":"2025-06-04T19:19:22+00:00","twitter_card":"summary_large_image","twitter_misc":{"Est. reading time":"1 minute"},"schema":{"@context":"https:\/\/schema.org","@graph":[{"@type":"WebPage","@id":"https:\/\/strzelnicapostomino.pl\/?page_id=141","url":"https:\/\/strzelnicapostomino.pl\/?page_id=141","name":"Kontakt - wordpressplugins","isPartOf":{"@id":"http:\/\/strzelnicapostomino.pl\/#website"},"datePublished":"2025-06-04T15:51:12+00:00","dateModified":"2025-06-04T19:19:22+00:00","breadcrumb":{"@id":"https:\/\/strzelnicapostomino.pl\/?page_id=141#breadcrumb"},"inLanguage":"en-US","potentialAction":[{"@type":"ReadAction","target":["https:\/\/strzelnicapostomino.pl\/?page_id=141"]}]},{"@type":"BreadcrumbList","@id":"https:\/\/strzelnicapostomino.pl\/?page_id=141#breadcrumb","itemListElement":[{"@type":"ListItem","position":1,"name":"Home","item":"http:\/\/strzelnicapostomino.pl\/"},{"@type":"ListItem","position":2,"name":"Kontakt"}]},{"@type":"WebSite","@id":"http:\/\/strzelnicapostomino.pl\/#website","url":"http:\/\/strzelnicapostomino.pl\/","name":"wordpressplugins","description":"","publisher":{"@id":"http:\/\/strzelnicapostomino.pl\/#organization"},"potentialAction":[{"@type":"SearchAction","target":{"@type":"EntryPoint","urlTemplate":"http:\/\/strzelnicapostomino.pl\/?s={search_term_string}"},"query-input":{"@type":"PropertyValueSpecification","valueRequired":true,"valueName":"search_term_string"}}],"inLanguage":"en-US"},{"@type":"Organization","@id":"http:\/\/strzelnicapostomino.pl\/#organization","name":"wordpressplugins","url":"http:\/\/strzelnicapostomino.pl\/","logo":{"@type":"ImageObject","inLanguage":"en-US","@id":"http:\/\/strzelnicapostomino.pl\/#\/schema\/logo\/image\/","url":"https:\/\/strzelnicapostomino.pl\/wp-content\/uploads\/2025\/07\/cropped-Blue-Gold-Circle-Illustrative-Education-Logo-6.png","contentUrl":"https:\/\/strzelnicapostomino.pl\/wp-content\/uploads\/2025\/07\/cropped-Blue-Gold-Circle-Illustrative-Education-Logo-6.png","width":1563,"height":1563,"caption":"wordpressplugins"},"image":{"@id":"http:\/\/strzelnicapostomino.pl\/#\/schema\/logo\/image\/"}}]}},"_links":{"self":[{"href":"https:\/\/strzelnicapostomino.pl\/index.php?rest_route=\/wp\/v2\/pages\/141","targetHints":{"allow":["GET"]}}],"collection":[{"href":"https:\/\/strzelnicapostomino.pl\/index.php?rest_route=\/wp\/v2\/pages"}],"about":[{"href":"https:\/\/strzelnicapostomino.pl\/index.php?rest_route=\/wp\/v2\/types\/page"}],"author":[{"embeddable":true,"href":"https:\/\/strzelnicapostomino.pl\/index.php?rest_route=\/wp\/v2\/users\/1"}],"replies":[{"embeddable":true,"href":"https:\/\/strzelnicapostomino.pl\/index.php?rest_route=%2Fwp%2Fv2%2Fcomments&post=141"}],"version-history":[{"count":13,"href":"https:\/\/strzelnicapostomino.pl\/index.php?rest_route=\/wp\/v2\/pages\/141\/revisions"}],"predecessor-version":[{"id":181,"href":"https:\/\/strzelnicapostomino.pl\/index.php?rest_route=\/wp\/v2\/pages\/141\/revisions\/181"}],"wp:attachment":[{"href":"https:\/\/strzelnicapostomino.pl\/index.php?rest_route=%2Fwp%2Fv2%2Fmedia&parent=141"}],"curies":[{"name":"wp","href":"https:\/\/api.w.org\/{rel}","templated":true}]}}